{"id":10,"date":"2018-01-22T12:08:11","date_gmt":"2018-01-22T11:08:11","guid":{"rendered":"https:\/\/www.inklusives-goettingen.de\/?page_id=10"},"modified":"2026-04-30T11:04:47","modified_gmt":"2026-04-30T09:04:47","slug":"aktionstag","status":"publish","type":"page","link":"https:\/\/www.inklusives-goettingen.de\/","title":{"rendered":"Am 6.Mai 2026 hei\u00dft es in Duderstadt: &#8222;Menschenrechte sind nicht verhandelbar!&#8220;"},"content":{"rendered":"<button id=\"listenButton1\" class=\"responsivevoice-button\" type=\"button\" value=\"Play\" title=\"ResponsiveVoice Tap to Start\/Stop Speech\"><span>&#128266; Text vorlesen<\/span><\/button>\n        <script>\n            listenButton1.onclick = function(){\n                if(responsiveVoice.isPlaying()){\n                    responsiveVoice.cancel();\n                }else{\n                    responsiveVoice.speak(\"Der \\\"Europ\u00e4ische Protesttag f\u00fcr die Gleichstellung von Menschen mit Behinderungen\\\" in der Region G\u00f6ttingen geht wieder aus der Stadt in den Landkreis - am 06. Mai 2026 sind wir in Duderstadt zu Gast. \\\"Menschenrechte sind nicht verhandelbar\\\" - das Motto dieses Jahr bezieht sich auf die aktuellen Bestrebungen der Politik, in Eingliederungs- und Jugendhilfe massiv Geld einzusparen- auf Kosten von Menschen mit Behinderungen. Mit der Unterzeichnung der UN-Behindertenrechtskonvention 2009 und der Einf\u00fchrung des Bundesteilhabegesetzes sollten Inklusion und individuelle Hilfen eigentlich vorangebracht werden - nun aber drohen viele Errungenschaften der letzten Jahre einfach weggek\u00fcrzt zu werden. Die aktuellen Sparvorschl\u00e4ge der Politik lassen nichts Gutes erahnen. (F\u00fcr mehr Infos hier klicken!) Daher: kommt alle nach Duderstadt zum Protestieren! Los geht es um 15:30 Uhr am Zentralen Omnibus-Bahnhof ZOB. Wir starten dort mit einer Demonstration f\u00fcr die Gleichstellung von Menschen mit Behinderung - \u00fcber Sachsenring und Marktstra\u00dfe marschieren wir lautstark zur Oberkirche (St. Cyriakus) am Ende der Marktstra\u00dfe. Dort beginnt um 16 Uhr ein \\\"Markt der (Teilhabe-) M\u00f6glichkeiten\\\" (f\u00fcr weitere Infos hier klicken) mit vielen St\u00e4nden und B\u00fchnenprogramm, er\u00f6ffnet durch B\u00fcrgermeister Thorsten Feike. Besucher k\u00f6nnen sich bei Selbsthilfegruppen, Sozialverb\u00e4nden, Beratungsstellen und Leistungserbringern \u00fcber die vielseitigen M\u00f6glichkeiten der Teilhabe von Menschen mit Behinderungen informieren, auf der B\u00fchne kommen wir ins Gespr\u00e4ch \u00fcber aktuelle Themen, die uns betreffen. Auch musikalisches Programm wird geboten. Das B\u00fchnenprogramm wird durch eine Geb\u00e4rdendolmetschende \u00fcbersetzt. Es wird auch wieder einen kostenlosen, rollstuhlgerechten Bus-Shuttle von und nach G\u00f6ttingen und auch von und nach Osterode geben. Hierf\u00fcr ist eine Anmeldung notwendig. F\u00fcr weitere Infos klicke bitte hier.\", \"Deutsch Female\");\n                }\n            };\n        <\/script>\n    \n\n\n\n<p>Der &#8222;Europ\u00e4ische Protesttag f\u00fcr die Gleichstellung von Menschen mit Behinderungen&#8220; in der Region G\u00f6ttingen geht wieder aus der Stadt in den Landkreis &#8211; am 06. Mai 2026 sind wir in Duderstadt zu Gast.<\/p>\n\n\n\n<p>&#8222;Menschenrechte sind nicht verhandelbar&#8220; &#8211; das Motto dieses Jahr bezieht sich auf die aktuellen Bestrebungen der Politik, in Eingliederungs- und Jugendhilfe massiv Geld einzusparen- auf Kosten von Menschen mit Behinderungen. Mit der Unterzeichnung der UN-Behindertenrechtskonvention 2009 und der Einf\u00fchrung des Bundesteilhabegesetzes sollten Inklusion und individuelle Hilfen eigentlich vorangebracht werden &#8211; <a href=\"https:\/\/www.inklusives-goettingen.de\/index.php\/2026\/04\/20\/finger-weg-von-der-eingliederungshilfe-das-sind-die-kuerzungsplaene-der-regierung\/\">nun aber drohen viele Errungenschaften der letzten Jahre einfach weggek\u00fcrzt zu werden. Die aktuellen Sparvorschl\u00e4ge der Politik lassen nichts Gutes erahnen. (F\u00fcr mehr Infos hier klicken!)<\/a><\/p>\n\n\n\n<p><strong>Daher: kommt alle nach Duderstadt zum Protestieren!<\/strong><\/p>\n\n\n\n<p>Los geht es um 15:30 Uhr am Zentralen Omnibus-Bahnhof ZOB. Wir starten dort mit einer Demonstration f\u00fcr die Gleichstellung von Menschen mit Behinderung &#8211; \u00fcber Sachsenring und Marktstra\u00dfe marschieren wir lautstark zur Oberkirche (St. Cyriakus) am Ende der Marktstra\u00dfe.<\/p>\n\n\n\n<p><a href=\"https:\/\/www.inklusives-goettingen.de\/index.php\/2026\/04\/30\/markt-der-teilhabe-moeglichkeiten-in-duderstadt-am-06-mai-2026\/\">Dort beginnt um 16 Uhr ein &#8222;Markt der (Teilhabe-) M\u00f6glichkeiten&#8220; (f\u00fcr weitere Infos hier klicken) mit vielen St\u00e4nden und B\u00fchnenprogramm<\/a>, er\u00f6ffnet durch B\u00fcrgermeister Thorsten Feike. Besucher k\u00f6nnen sich bei Selbsthilfegruppen, Sozialverb\u00e4nden, Beratungsstellen und Leistungserbringern \u00fcber die vielseitigen M\u00f6glichkeiten der Teilhabe von Menschen mit Behinderungen informieren, auf der B\u00fchne kommen wir ins Gespr\u00e4ch \u00fcber aktuelle Themen, die uns betreffen. Auch musikalisches Programm wird geboten. Das B\u00fchnenprogramm wird durch eine Geb\u00e4rdendolmetschende \u00fcbersetzt.<\/p>\n\n\n\n<p><a href=\"https:\/\/www.inklusives-goettingen.de\/index.php\/protesttag-2026-informationen-zum-fahrdienst\/\" data-type=\"page\" data-id=\"1698\">Es wird auch wieder einen kostenlosen, rollstuhlgerechten Bus-Shuttle von und nach G\u00f6ttingen und auch von und nach Osterode geben. Hierf\u00fcr ist eine Anmeldung notwendig. F\u00fcr weitere Infos klicke bitte hier.<\/a><\/p>\n\n\n\n<figure class=\"wp-block-image size-large\"><img loading=\"lazy\" decoding=\"async\" width=\"724\" height=\"1024\" src=\"https:\/\/www.inklusives-goettingen.de\/wp-content\/uploads\/2026\/03\/Inklusion_Aktionstag_2026-724x1024.jpg\" alt=\"\" class=\"wp-image-1704\" srcset=\"https:\/\/www.inklusives-goettingen.de\/wp-content\/uploads\/2026\/03\/Inklusion_Aktionstag_2026-724x1024.jpg 724w, https:\/\/www.inklusives-goettingen.de\/wp-content\/uploads\/2026\/03\/Inklusion_Aktionstag_2026-212x300.jpg 212w, https:\/\/www.inklusives-goettingen.de\/wp-content\/uploads\/2026\/03\/Inklusion_Aktionstag_2026-768x1086.jpg 768w, https:\/\/www.inklusives-goettingen.de\/wp-content\/uploads\/2026\/03\/Inklusion_Aktionstag_2026-1086x1536.jpg 1086w, https:\/\/www.inklusives-goettingen.de\/wp-content\/uploads\/2026\/03\/Inklusion_Aktionstag_2026-1448x2048.jpg 1448w, https:\/\/www.inklusives-goettingen.de\/wp-content\/uploads\/2026\/03\/Inklusion_Aktionstag_2026-scaled.jpg 1810w\" sizes=\"auto, (max-width: 724px) 100vw, 724px\" \/><\/figure>\n\n\n\n<p><\/p>\n\n\n\n<figure class=\"wp-block-image size-large\"><img loading=\"lazy\" decoding=\"async\" width=\"722\" height=\"1024\" src=\"https:\/\/www.inklusives-goettingen.de\/wp-content\/uploads\/2026\/04\/Inklusion_Aktionstag_A5_Rueckseite_2026-1-722x1024.jpg\" alt=\"\" class=\"wp-image-1741\" srcset=\"https:\/\/www.inklusives-goettingen.de\/wp-content\/uploads\/2026\/04\/Inklusion_Aktionstag_A5_Rueckseite_2026-1-722x1024.jpg 722w, https:\/\/www.inklusives-goettingen.de\/wp-content\/uploads\/2026\/04\/Inklusion_Aktionstag_A5_Rueckseite_2026-1-211x300.jpg 211w, https:\/\/www.inklusives-goettingen.de\/wp-content\/uploads\/2026\/04\/Inklusion_Aktionstag_A5_Rueckseite_2026-1-768x1090.jpg 768w, https:\/\/www.inklusives-goettingen.de\/wp-content\/uploads\/2026\/04\/Inklusion_Aktionstag_A5_Rueckseite_2026-1-1083x1536.jpg 1083w, https:\/\/www.inklusives-goettingen.de\/wp-content\/uploads\/2026\/04\/Inklusion_Aktionstag_A5_Rueckseite_2026-1-1444x2048.jpg 1444w, https:\/\/www.inklusives-goettingen.de\/wp-content\/uploads\/2026\/04\/Inklusion_Aktionstag_A5_Rueckseite_2026-1.jpg 1748w\" sizes=\"auto, (max-width: 722px) 100vw, 722px\" \/><\/figure>\n\n\n\n<p><\/p>\n","protected":false},"excerpt":{"rendered":"<p>Der &#8222;Europ\u00e4ische Protesttag f\u00fcr die Gleichstellung von Menschen mit Behinderungen&#8220; in der Region G\u00f6ttingen geht wieder aus der Stadt in den Landkreis &#8211; am 06. Mai 2026 sind wir in Duderstadt zu Gast. &#8222;Menschenrechte sind nicht verhandelbar&#8220; &#8211; das Motto dieses Jahr bezieht sich auf die aktuellen Bestrebungen der Politik, in Eingliederungs- und Jugendhilfe massiv [&hellip;]<\/p>\n","protected":false},"author":2,"featured_media":0,"parent":0,"menu_order":0,"comment_status":"closed","ping_status":"closed","template":"","meta":{"footnotes":""},"class_list":["post-10","page","type-page","status-publish","hentry"],"_links":{"self":[{"href":"https:\/\/www.inklusives-goettingen.de\/index.php\/wp-json\/wp\/v2\/pages\/10","targetHints":{"allow":["GET"]}}],"collection":[{"href":"https:\/\/www.inklusives-goettingen.de\/index.php\/wp-json\/wp\/v2\/pages"}],"about":[{"href":"https:\/\/www.inklusives-goettingen.de\/index.php\/wp-json\/wp\/v2\/types\/page"}],"author":[{"embeddable":true,"href":"https:\/\/www.inklusives-goettingen.de\/index.php\/wp-json\/wp\/v2\/users\/2"}],"replies":[{"embeddable":true,"href":"https:\/\/www.inklusives-goettingen.de\/index.php\/wp-json\/wp\/v2\/comments?post=10"}],"version-history":[{"count":171,"href":"https:\/\/www.inklusives-goettingen.de\/index.php\/wp-json\/wp\/v2\/pages\/10\/revisions"}],"predecessor-version":[{"id":1742,"href":"https:\/\/www.inklusives-goettingen.de\/index.php\/wp-json\/wp\/v2\/pages\/10\/revisions\/1742"}],"wp:attachment":[{"href":"https:\/\/www.inklusives-goettingen.de\/index.php\/wp-json\/wp\/v2\/media?parent=10"}],"curies":[{"name":"wp","href":"https:\/\/api.w.org\/{rel}","templated":true}]}}