{"id":1001,"date":"2020-05-15T11:59:46","date_gmt":"2020-05-15T09:59:46","guid":{"rendered":"https:\/\/www.inklusives-goettingen.de\/?page_id=1001"},"modified":"2021-01-12T14:57:47","modified_gmt":"2021-01-12T13:57:47","slug":"hilfen-bei-psychischen-krisen","status":"publish","type":"page","link":"https:\/\/www.inklusives-goettingen.de\/index.php\/hilfen-bei-psychischen-krisen\/","title":{"rendered":"Hilfen bei psychischen Krisen"},"content":{"rendered":"\n<h2 class=\"wp-block-heading\"><button id=\"listenButton1\" class=\"responsivevoice-button\" type=\"button\" value=\"Play\" title=\"ResponsiveVoice Tap to Start\/Stop Speech\"><span>&#128266; Text vorlesen<\/span><\/button>\n        <script>\n            listenButton1.onclick = function(){\n                if(responsiveVoice.isPlaying()){\n                    responsiveVoice.cancel();\n                }else{\n                    responsiveVoice.speak(\"Hotline\/Beratung von Genesungsbegleitung EX-IN (Psychiatrieerfahrene Peers) G\u00f6ttingen und S\u00fcdniedersachsen (ehrenamtlich) \u2013 Telefon 0151 \u2013 23 20 19 95 weitere Infos auf der Website Oder Mail: goettingen@ex-in-niedersachsen.de. Weitere Sprechstunden bei EX-IN Hamburg: Montag bis Sonntag zwischen 17 und 19 Uhr unter der Telefonnummer: 0176 \/ 54 82 00 62, Mail-Beratung unter: mailberatung@genesungsbegleiter-hh.de. Evangelische Chat-Seelsorge (www.chatseelsorge.de)\u2022 montags, mittwochs, freitags jeweils 20 bis 22 Uhr;\u2022 dienstags, donnerstags jeweils 12 bis 14 Uhr\u2022 sonntags 10 bis 12 Uhr. \u201eNummer gegen Kummer\u201c: Telefonnummer f\u00fcr Kinder und Jugendliche in Krisen: 116 111. Telefonseelsorge G\u00f6ttingen 0800 111 0 111. Telefonseelsorge-App \\\"Krisen-Kompass\\\" Asklepios Fachklinikum: Hotline 0160 \/ 46 41 81 3 Notf\u00e4lle: 0551\/40 21 65 0 (nach 16 Uhr unter 0551 \/ 4020 beim Arzt vom Dienst melden). Psychiatrische Institutsambulanz der Universit\u00e4tsmedizin G\u00d6: 0551-3966610, im Notfall Vorstellung in der Klinik f\u00fcr Psychiatrie & Psychotherapie, Von-Siebold-Str. 5, G\u00d6, Psychiatrisches Krisentelefon Dienst-Handy 0151-27097814. \\\"Corona-Sorgentelefon\\\" der Klinik f\u00fcr Psychosomatische Medizin und Psychotherapie (Universit\u00e4tsmedizin G\u00d6) 0551-39-66332 Krisen-Hotline S\u00fcdniedersachsen: 0551- 38 434 505 : schneller Kontakt zu Psychiater*innen, Psycholog*innen und Psychotherapeut*innen in G\u00f6ttingen (Asklepios Fachklinikum, Klinik f\u00fcr Psychiatrie und Psychotherapie der UMG G\u00f6ttingen, Georg-Elias-M\u00fcller-Institut f\u00fcr Psychologie), Northeim (Sozialpsychiatrischer Dienst), Bad Gandersheim ( Paracelsus-Roswitha-Klinik). Telefonische Sprechzeiten im Netzwerk f\u00fcr traumatisierte Fl\u00fcchtlinge in verschiedenen Sprachen: Psychosoziales Zentrum (PSZ) G\u00f6ttingen: 0551 \u2013 48824888 Die Caritas in Duderstadt ist mit ihren Beratungsdiensten zumindest telefonisch, vielfach auch pers\u00f6nlich oder mit \u201eFreiluftberatungen\u201c erreichbar: https:\/\/www.caritas-suedniedersachsen.de\/aktuelles\/corona-aktuell-geltende-einschr\u00e4nkungen\", \"Deutsch Female\");\n                }\n            };\n        <\/script>\n    <\/h2>\n\n\n\n<p>Hotline\/Beratung von Genesungsbegleitung EX-IN (Psychiatrieerfahrene Peers) G\u00f6ttingen und S\u00fcdniedersachsen (ehrenamtlich) \u2013 Telefon&nbsp; 0151 \u2013 23 20 19 95 weitere Infos auf der <a href=\"https:\/\/www.ex-in-niedersachsen.de\/g%C3%B6ttingen-s%C3%BCdniedersachsen\/\">Website<\/a> <br>Oder Mail: goettingen@ex-in-niedersachsen.de. Weitere Sprechstunden bei EX-IN Hamburg: Montag bis Sonntag zwischen 17 und 19 Uhr unter der Telefonnummer: 0176 \/ 54 82 00 62, Mail-Beratung unter: mailberatung@genesungsbegleiter-hh.de.<\/p>\n\n\n\n<hr class=\"wp-block-separator is-style-wide\"\/>\n\n\n\n<p>Evangelische Chat-Seelsorge (www.chatseelsorge.de)<br>\u2022&nbsp;&nbsp;&nbsp;&nbsp;&nbsp;&nbsp;&nbsp;&nbsp;&nbsp;&nbsp;&nbsp;&nbsp; montags, mittwochs, freitags jeweils 20 bis 22 Uhr;<br>\u2022&nbsp;&nbsp;&nbsp;&nbsp;&nbsp;&nbsp;&nbsp;&nbsp;&nbsp;&nbsp;&nbsp;&nbsp; dienstags, donnerstags jeweils 12 bis 14 Uhr<br>\u2022&nbsp;&nbsp;&nbsp;&nbsp;&nbsp;&nbsp;&nbsp;&nbsp;&nbsp;&nbsp;&nbsp;&nbsp; sonntags 10 bis 12 Uhr.<\/p>\n\n\n\n<hr class=\"wp-block-separator is-style-wide\"\/>\n\n\n\n<p>\u201eNummer gegen Kummer\u201c: Telefonnummer f\u00fcr Kinder und Jugendliche in Krisen:&nbsp;&nbsp; 116  111.<\/p>\n\n\n\n<hr class=\"wp-block-separator is-style-wide\"\/>\n\n\n\n<p>Telefonseelsorge G\u00f6ttingen 0800 111 0 111. <\/p>\n\n\n\n<p><a href=\"https:\/\/www.telefonseelsorge.de\/krisenkompass\/\">Telefonseelsorge-App &#8222;Krisen-Kompass&#8220; <\/a><\/p>\n\n\n\n<hr class=\"wp-block-separator is-style-wide\"\/>\n\n\n\n<p>Asklepios Fachklinikum: Hotline&nbsp; 0160 \/ 46 41 81 3&nbsp;&nbsp; Notf\u00e4lle: 0551\/40 21 65 0 (nach 16 Uhr unter 0551 \/ 4020 beim Arzt vom Dienst melden).<\/p>\n\n\n\n<hr class=\"wp-block-separator is-style-wide\"\/>\n\n\n\n<p>Psychiatrische Institutsambulanz der Universit\u00e4tsmedizin G\u00d6: 0551-3966610, im Notfall Vorstellung in der Klinik f\u00fcr Psychiatrie &amp; Psychotherapie, Von-Siebold-Str. 5, G\u00d6, Psychiatrisches Krisentelefon Dienst-Handy 0151-27097814.<\/p>\n\n\n\n<p>&#8222;Corona-Sorgentelefon&#8220; der Klinik f\u00fcr Psychosomatische Medizin und Psychotherapie (Universit\u00e4tsmedizin G\u00d6) 0551-39-66332<\/p>\n\n\n\n<hr class=\"wp-block-separator is-style-wide\"\/>\n\n\n\n<p>Krisen-Hotline S\u00fcdniedersachsen:&nbsp; 0551- 38 434 505 : schneller Kontakt&nbsp; zu Psychiater*innen, Psycholog*innen und Psychotherapeut*innen in G\u00f6ttingen (Asklepios Fachklinikum, Klinik f\u00fcr Psychiatrie und    Psychotherapie der UMG G\u00f6ttingen, Georg-Elias-M\u00fcller-Institut f\u00fcr Psychologie),  Northeim (Sozialpsychiatrischer Dienst), Bad Gandersheim ( Paracelsus-Roswitha-Klinik).<\/p>\n\n\n\n<hr class=\"wp-block-separator is-style-wide\"\/>\n\n\n\n<p>Telefonische Sprechzeiten im Netzwerk f\u00fcr traumatisierte Fl\u00fcchtlinge in verschiedenen Sprachen: Psychosoziales Zentrum (PSZ) G\u00f6ttingen: 0551 \u2013 48824888<\/p>\n\n\n\n<hr class=\"wp-block-separator is-style-wide\"\/>\n\n\n\n<p>Die Caritas in Duderstadt ist mit ihren Beratungsdiensten zumindest telefonisch, vielfach auch pers\u00f6nlich oder mit \u201eFreiluftberatungen\u201c erreichbar: <a href=\"https:\/\/www.caritas-suedniedersachsen.de\/aktuelles\/corona-aktuell-geltende-einschr\u00e4nkungen\">https:\/\/www.caritas-suedniedersachsen.de\/aktuelles\/corona-aktuell-geltende-einschr\u00e4nkungen<\/a><\/p>\n","protected":false},"excerpt":{"rendered":"<p>Hotline\/Beratung von Genesungsbegleitung EX-IN (Psychiatrieerfahrene Peers) G\u00f6ttingen und S\u00fcdniedersachsen (ehrenamtlich) \u2013 Telefon&nbsp; 0151 \u2013 23 20 19 95 weitere Infos auf der Website Oder Mail: goettingen@ex-in-niedersachsen.de. Weitere Sprechstunden bei EX-IN Hamburg: Montag bis Sonntag zwischen 17 und 19 Uhr unter der Telefonnummer: 0176 \/ 54 82 00 62, Mail-Beratung unter: mailberatung@genesungsbegleiter-hh.de. Evangelische Chat-Seelsorge (www.chatseelsorge.de)\u2022&nbsp;&nbsp;&nbsp;&nbsp;&nbsp;&nbsp;&nbsp;&nbsp;&nbsp;&nbsp;&nbsp;&nbsp; montags, [&hellip;]<\/p>\n","protected":false},"author":2,"featured_media":0,"parent":0,"menu_order":0,"comment_status":"closed","ping_status":"closed","template":"","meta":{"footnotes":""},"class_list":["post-1001","page","type-page","status-publish","hentry"],"_links":{"self":[{"href":"https:\/\/www.inklusives-goettingen.de\/index.php\/wp-json\/wp\/v2\/pages\/1001","targetHints":{"allow":["GET"]}}],"collection":[{"href":"https:\/\/www.inklusives-goettingen.de\/index.php\/wp-json\/wp\/v2\/pages"}],"about":[{"href":"https:\/\/www.inklusives-goettingen.de\/index.php\/wp-json\/wp\/v2\/types\/page"}],"author":[{"embeddable":true,"href":"https:\/\/www.inklusives-goettingen.de\/index.php\/wp-json\/wp\/v2\/users\/2"}],"replies":[{"embeddable":true,"href":"https:\/\/www.inklusives-goettingen.de\/index.php\/wp-json\/wp\/v2\/comments?post=1001"}],"version-history":[{"count":8,"href":"https:\/\/www.inklusives-goettingen.de\/index.php\/wp-json\/wp\/v2\/pages\/1001\/revisions"}],"predecessor-version":[{"id":1196,"href":"https:\/\/www.inklusives-goettingen.de\/index.php\/wp-json\/wp\/v2\/pages\/1001\/revisions\/1196"}],"wp:attachment":[{"href":"https:\/\/www.inklusives-goettingen.de\/index.php\/wp-json\/wp\/v2\/media?parent=1001"}],"curies":[{"name":"wp","href":"https:\/\/api.w.org\/{rel}","templated":true}]}}