{"id":1069,"date":"2020-05-19T17:02:38","date_gmt":"2020-05-19T15:02:38","guid":{"rendered":"https:\/\/www.inklusives-goettingen.de\/?page_id=1069"},"modified":"2021-08-18T09:41:25","modified_gmt":"2021-08-18T07:41:25","slug":"1069-2","status":"publish","type":"page","link":"https:\/\/www.inklusives-goettingen.de\/index.php\/1069-2\/","title":{"rendered":"Abstimmung #vereinteuch: Emmisionsfreie Mobilit\u00e4t f\u00fcr Menschen mit Behinderungen"},"content":{"rendered":"\n<h2 class=\"wp-block-heading\"><\/h2>\n\n\n\n<figure class=\"wp-block-image\"><img decoding=\"async\" src=\"https:\/\/voting.pitmodule.de\/uploads\/e5e6ed1a2f01391751841bf516f2db22baf13bdf_E-Rikscha_-_bakfiets.jpg\" alt=\"Emmisionsfreie Mobilit\u00e4t f\u00fcr Menschen mit Behinderungen\"\/><\/figure>\n\n\n\n<p>Der Allgemeine Deutsche Fahrradclub ADFC, Sektion G\u00f6ttingen, plant mit seinem Arbeitskreis LEILA (Leih-Lastenr\u00e4der) die Anschaffung einer E-Fahrradrikscha. Ziel ist es, eine emissionsfreie Freizeitgestaltung (nicht nur) f\u00fcr Menschen mit Mobilit\u00e4tseinschr\u00e4nkungen erm\u00f6glichen zu k\u00f6nnen<\/p>\n\n\n\n<p>Um dies finanzieren zu k\u00f6nnen, ben\u00f6tigt der Verein Eure Stimme beim Wettbewerb #vereinteuch der Stadtwerke G\u00f6ttingen. Zum Voting (bis 15.9.) geht es hier: <a href=\"https:\/\/voting.pitmodule.de\/m\/6de6add93e1c463\/detail\/12015\">https:\/\/voting.pitmodule.de\/m\/6de6add93e1c463\/detail\/12015<\/a><\/p>\n\n\n\n<p>Der ADFC m\u00f6chten  auf der Grundlage seiner Erfahrung sowie seines reibungslos funktionierendes Systems den best\u00e4ndig an den AK LEILA herangetragenen Wunsch nach einem Rad erf\u00fcllen, das auch durch Menschen mit Behinderungen und Bewegungs- oder Gleichgewichtseinschr\u00e4nkungen und ihre Angeh\u00f6rigen genutzt werden kann und damit die M\u00f6glichkeit gibt, einen Beitrag zur \u00f6kologischen Mobilit\u00e4tswende zu leisten. Die Zielgruppe umfasst sowohl Menschen in station\u00e4ren oder teilstation\u00e4ren Einrichtungen als auch allein oder im Familienverbund Lebende. Gro\u00dfes Interesse an einer Zusammenarbeit besteht z.B. von der Diakonie Chrostophorus oder auch der DRK-Schwesternschaft, die derzeit ein Kinder- und Jugendhospiz in Grone aufbaut. Weitere Adressat<em>innen sind die Bewohner<\/em>innen von Altersheimen und Wohnstiften, das Elternhaus f\u00fcr das krebskranke Kind e.V., Langzeitpatient<em>innen der vielen Krankenh\u00e4user in G\u00f6ttingen sowie Sch\u00fcler<\/em>innen der Heinrich-B\u00f6ll-Schule und der Schule am Tannenberg und ihre Familien sowie alle Kinder und Jugendlichen in der Inklusion in Kitas, Schulen, Vereinen usw. Ausleihende w\u00e4ren jeweils nicht die Institutionen, sondern die konkreten Personen resp. ihre Angeh\u00f6rigen.<\/p>\n\n\n\n<p>Der ADFC w\u00fcrde sich freuen, wenn das Vorhaben durch viele Stimmen im Wettbewerb entsprechend unterst\u00fctzt wird.<\/p>\n\n\n\n<p><\/p>\n\n\n\n<p><\/p>\n\n\n\n<p><\/p>\n\n\n\n<p><\/p>\n","protected":false},"excerpt":{"rendered":"<p>Der Allgemeine Deutsche Fahrradclub ADFC, Sektion G\u00f6ttingen, plant mit seinem Arbeitskreis LEILA (Leih-Lastenr\u00e4der) die Anschaffung einer E-Fahrradrikscha. Ziel ist es, eine emissionsfreie Freizeitgestaltung (nicht nur) f\u00fcr Menschen mit Mobilit\u00e4tseinschr\u00e4nkungen erm\u00f6glichen zu k\u00f6nnen Um dies finanzieren zu k\u00f6nnen, ben\u00f6tigt der Verein Eure Stimme beim Wettbewerb #vereinteuch der Stadtwerke G\u00f6ttingen. Zum Voting (bis 15.9.) geht es hier: [&hellip;]<\/p>\n","protected":false},"author":2,"featured_media":0,"parent":0,"menu_order":0,"comment_status":"closed","ping_status":"closed","template":"","meta":{"footnotes":""},"class_list":["post-1069","page","type-page","status-publish","hentry"],"_links":{"self":[{"href":"https:\/\/www.inklusives-goettingen.de\/index.php\/wp-json\/wp\/v2\/pages\/1069","targetHints":{"allow":["GET"]}}],"collection":[{"href":"https:\/\/www.inklusives-goettingen.de\/index.php\/wp-json\/wp\/v2\/pages"}],"about":[{"href":"https:\/\/www.inklusives-goettingen.de\/index.php\/wp-json\/wp\/v2\/types\/page"}],"author":[{"embeddable":true,"href":"https:\/\/www.inklusives-goettingen.de\/index.php\/wp-json\/wp\/v2\/users\/2"}],"replies":[{"embeddable":true,"href":"https:\/\/www.inklusives-goettingen.de\/index.php\/wp-json\/wp\/v2\/comments?post=1069"}],"version-history":[{"count":8,"href":"https:\/\/www.inklusives-goettingen.de\/index.php\/wp-json\/wp\/v2\/pages\/1069\/revisions"}],"predecessor-version":[{"id":1441,"href":"https:\/\/www.inklusives-goettingen.de\/index.php\/wp-json\/wp\/v2\/pages\/1069\/revisions\/1441"}],"wp:attachment":[{"href":"https:\/\/www.inklusives-goettingen.de\/index.php\/wp-json\/wp\/v2\/media?parent=1069"}],"curies":[{"name":"wp","href":"https:\/\/api.w.org\/{rel}","templated":true}]}}