{"id":1344,"date":"2021-04-30T10:55:55","date_gmt":"2021-04-30T08:55:55","guid":{"rendered":"https:\/\/www.inklusives-goettingen.de\/?page_id=1344"},"modified":"2021-04-30T10:55:55","modified_gmt":"2021-04-30T08:55:55","slug":"infos-corona-test","status":"publish","type":"page","link":"https:\/\/www.inklusives-goettingen.de\/index.php\/infos-corona-test\/","title":{"rendered":"Infos Corona-Test"},"content":{"rendered":"\n<p><a href=\"https:\/\/www.goettingen.de\/leben\/gesundheit\/gesundheitsamt\/aktuelle-infos\/testzentren.html\">Liste der Testzentren in Stadt und Landkreis G\u00f6ttingen<\/a> (Autor: Stadt G\u00f6ttingen)<\/p>\n\n\n\n<p><a href=\"https:\/\/abilitywatch.de\/2021\/04\/16\/testangebote-durch-assistenz-arbeitgeberinnen\/?fbclid=IwAR0J3uU3FFksRZlP8ocG94d2U_d35xmX5r2GfZ99aXgLxGtw7xf06ikCygw\">Hilfen f\u00fcr die Refinanzierung von Corona-Tests f\u00fcr Mitarbeiter im Pers\u00f6nlichen Budget (Autor: abilitywatch)<\/a><\/p>\n\n\n\n<p><\/p>\n","protected":false},"excerpt":{"rendered":"<p>Liste der Testzentren in Stadt und Landkreis G\u00f6ttingen (Autor: Stadt G\u00f6ttingen) Hilfen f\u00fcr die Refinanzierung von Corona-Tests f\u00fcr Mitarbeiter im Pers\u00f6nlichen Budget (Autor: abilitywatch)<\/p>\n","protected":false},"author":2,"featured_media":0,"parent":0,"menu_order":0,"comment_status":"closed","ping_status":"closed","template":"","meta":{"footnotes":""},"class_list":["post-1344","page","type-page","status-publish","hentry"],"_links":{"self":[{"href":"https:\/\/www.inklusives-goettingen.de\/index.php\/wp-json\/wp\/v2\/pages\/1344","targetHints":{"allow":["GET"]}}],"collection":[{"href":"https:\/\/www.inklusives-goettingen.de\/index.php\/wp-json\/wp\/v2\/pages"}],"about":[{"href":"https:\/\/www.inklusives-goettingen.de\/index.php\/wp-json\/wp\/v2\/types\/page"}],"author":[{"embeddable":true,"href":"https:\/\/www.inklusives-goettingen.de\/index.php\/wp-json\/wp\/v2\/users\/2"}],"replies":[{"embeddable":true,"href":"https:\/\/www.inklusives-goettingen.de\/index.php\/wp-json\/wp\/v2\/comments?post=1344"}],"version-history":[{"count":1,"href":"https:\/\/www.inklusives-goettingen.de\/index.php\/wp-json\/wp\/v2\/pages\/1344\/revisions"}],"predecessor-version":[{"id":1345,"href":"https:\/\/www.inklusives-goettingen.de\/index.php\/wp-json\/wp\/v2\/pages\/1344\/revisions\/1345"}],"wp:attachment":[{"href":"https:\/\/www.inklusives-goettingen.de\/index.php\/wp-json\/wp\/v2\/media?parent=1344"}],"curies":[{"name":"wp","href":"https:\/\/api.w.org\/{rel}","templated":true}]}}