{"id":272,"date":"2018-03-14T14:18:45","date_gmt":"2018-03-14T13:18:45","guid":{"rendered":"https:\/\/www.inklusives-goettingen.de\/?page_id=272"},"modified":"2018-04-05T10:22:58","modified_gmt":"2018-04-05T08:22:58","slug":"text-barrierefreiheit-landkreisweit-jederzeit","status":"publish","type":"page","link":"https:\/\/www.inklusives-goettingen.de\/index.php\/text-barrierefreiheit-landkreisweit-jederzeit\/","title":{"rendered":"Barrierefreiheit. Landkreisweit. Jederzeit"},"content":{"rendered":"<p><strong><button id=\"listenButton1\" class=\"responsivevoice-button\" type=\"button\" value=\"Play\" title=\"ResponsiveVoice Tap to Start\/Stop Speech\"><span>&#128266; Text vorlesen<\/span><\/button>\n        <script>\n            listenButton1.onclick = function(){\n                if(responsiveVoice.isPlaying()){\n                    responsiveVoice.cancel();\n                }else{\n                    responsiveVoice.speak(\"Barrierefreiheit. Landkreisweit. Jederzeit. Mit der Fusion der Landkreise G\u00f6ttingen und Osterode wohnen wir nun in einem neuen Landkreis G\u00f6ttingen, welcher zwischen Harz und Hann M\u00fcnden rund 80 Kilometer Luftlinie misst. In einem solchen fl\u00e4chenm\u00e4\u00dfig gro\u00dfen Gebiet ist die Mobilit\u00e4t der Bewohner ein wichtiges Gut. W\u00e4hrend im G\u00f6ttinger Stadtgebiet die Herstellung der Barrierefreiheit gute Fortschritte macht, sehen wir in den l\u00e4ndlichen Regionen einen enormen Nachholbedarf. Hier gilt es zu handeln! Das brauchen wir, um in Zukunft in unserem Landkreis G\u00f6ttingen \u201ebarrierefrei unterwegs\u201c sein zu k\u00f6nnen: Eine gute Versorgung aller Gemeinden und Ortsteile mit barrierefreien Fahrzeugen \u2013 z.B. durch Z\u00fcge mit eingebauten Rampen in Nah- und Fernverkehr, durch Niederflurbusse, durch ausreichend verf\u00fcgbare Rollstuhltaxis. Ein entschlossenerer barrierefreier Ausbau von Bahnh\u00f6fen und Bushaltestellen in allen Teilen unserer Region. Rollstuhlrampen und erh\u00f6hte Bussteige, akustische und visuelle Infosysteme f\u00fcr Menschen mit Sinneseinschr\u00e4nkungen und andere Hilfen f\u00fcr Menschen mit Behinderung sollten nicht nur in der gro\u00dfen Stadt, sondern auch auf dem Land selbstverst\u00e4ndlich sein. Fahr- und Liniennetzpl\u00e4ne, die leicht auffindbar und gut verst\u00e4ndlich sind. Wir w\u00fcnschen uns eine \u00fcbersichtliche Darstellung der Angebote des \u00f6ffentlichen Nahverkehrs im Internet, an der Haltestelle und im Kundenzentrum. Die Art der Informationsvermittlung sollte unterschiedlichen Einschr\u00e4nkungen gerecht werden k\u00f6nnen, etwa durch Texte in Leichter Sprache, durch eine kontrastreiche Darstellung oder die M\u00f6glichkeit, sich Angebote vorlesen zu lassen. Bezahlbare Mobilit\u00e4t, die bedarfsgerechte Teilhabe erm\u00f6glicht. Menschen mit Behinderung und kleinem Geldbeutel brauchen besondere finanzielle Unterst\u00fctzung oder Sondertarife im \u00d6PNV, um sich die Fahrt zu den Angeboten, die zu ihnen passen, auch leisten zu k\u00f6nnen. Machen wir uns gemeinsam auf die Reise! Mobilit\u00e4t ist ein Grundrecht \u2013 in der Stadt und auf dem Land! Die Veranstalter des Aktionstags: Internationaler Bund - Lebenshilfe G\u00f6ttingen - Deutsche Angestellten Akademie - my.worX - Behindertenbeauftragter des Landkreises G\u00f6ttingen - Besch\u00e4ftigungsf\u00f6rderung G\u00f6ttingen - ifas wBlinden- und Sehbehindertenverband Niedersachsen - G\u00f6ttinger Werkst\u00e4tten - Behindertenkoordinatorin Stadt G\u00f6ttingen - Selbsthilfe K\u00f6rperbehinderter G\u00f6ttingen - Diakonie Christophorus -\u00a0 Jugendhilfe am Rohns\", \"Deutsch Female\");\n                }\n            };\n        <\/script>\n    Barrierefreiheit. Landkreisweit. Jederzeit.<\/strong><\/p>\n<p>Mit der Fusion der Landkreise G\u00f6ttingen und Osterode wohnen wir nun in einem neuen Landkreis G\u00f6ttingen, welcher zwischen Harz und Hann M\u00fcnden rund 80 Kilometer Luftlinie misst. In einem solchen fl\u00e4chenm\u00e4\u00dfig gro\u00dfen Gebiet ist die Mobilit\u00e4t der Bewohner ein wichtiges Gut.<br \/>\nW\u00e4hrend im G\u00f6ttinger Stadtgebiet die Herstellung der Barrierefreiheit gute Fortschritte macht, sehen wir in den l\u00e4ndlichen Regionen einen enormen Nachholbedarf. Hier gilt es zu handeln!<\/p>\n<p>Das brauchen wir, um in Zukunft in unserem Landkreis G\u00f6ttingen <strong>\u201ebarrierefrei unterwegs\u201c<\/strong> sein zu k\u00f6nnen:<\/p>\n<ul>\n<li>Eine gute Versorgung aller Gemeinden und Ortsteile mit barrierefreien Fahrzeugen \u2013 z.B. durch Z\u00fcge mit eingebauten Rampen in Nah- und Fernverkehr, durch Niederflurbusse, durch ausreichend verf\u00fcgbare Rollstuhltaxis.<\/li>\n<li>Ein entschlossenerer barrierefreier Ausbau von Bahnh\u00f6fen und Bushaltestellen in allen Teilen unserer Region. Rollstuhlrampen und erh\u00f6hte Bussteige, akustische und visuelle Infosysteme f\u00fcr Menschen mit Sinneseinschr\u00e4nkungen und andere Hilfen f\u00fcr Menschen mit Behinderung sollten nicht nur in der gro\u00dfen Stadt, sondern auch auf dem Land selbstverst\u00e4ndlich sein.<\/li>\n<li>Fahr- und Liniennetzpl\u00e4ne, die leicht auffindbar und gut verst\u00e4ndlich sind. Wir w\u00fcnschen uns eine \u00fcbersichtliche Darstellung der Angebote des \u00f6ffentlichen Nahverkehrs im Internet, an der Haltestelle und im Kundenzentrum. Die Art der Informationsvermittlung sollte unterschiedlichen Einschr\u00e4nkungen gerecht werden k\u00f6nnen, etwa durch Texte in Leichter Sprache, durch eine kontrastreiche Darstellung oder die M\u00f6glichkeit, sich Angebote vorlesen zu lassen.<\/li>\n<li>Bezahlbare Mobilit\u00e4t, die bedarfsgerechte Teilhabe erm\u00f6glicht. Menschen mit Behinderung und kleinem Geldbeutel brauchen besondere finanzielle Unterst\u00fctzung oder Sondertarife im \u00d6PNV, um sich die Fahrt zu den Angeboten, die zu ihnen passen, auch leisten zu k\u00f6nnen.<\/li>\n<\/ul>\n<p>Machen wir uns gemeinsam auf die Reise! Mobilit\u00e4t ist ein Grundrecht \u2013 in der Stadt und auf dem Land!<\/p>\n<p><u>Die Veranstalter des Aktionstags:<\/u><\/p>\n<p>Internationaler Bund &#8211; Lebenshilfe G\u00f6ttingen &#8211; Deutsche Angestellten Akademie &#8211; my.worX &#8211; Behindertenbeauftragter des Landkreises G\u00f6ttingen &#8211; Besch\u00e4ftigungsf\u00f6rderung G\u00f6ttingen &#8211; ifas wBlinden- und Sehbehindertenverband Niedersachsen &#8211; G\u00f6ttinger Werkst\u00e4tten &#8211; Behindertenkoordinatorin Stadt G\u00f6ttingen &#8211; Selbsthilfe K\u00f6rperbehinderter G\u00f6ttingen &#8211; Diakonie Christophorus &#8211;\u00a0 Jugendhilfe am Rohns<\/p>\n","protected":false},"excerpt":{"rendered":"<p>Barrierefreiheit. Landkreisweit. Jederzeit. Mit der Fusion der Landkreise G\u00f6ttingen und Osterode wohnen wir nun in einem neuen Landkreis G\u00f6ttingen, welcher zwischen Harz und Hann M\u00fcnden rund 80 Kilometer Luftlinie misst. In einem solchen fl\u00e4chenm\u00e4\u00dfig gro\u00dfen Gebiet ist die Mobilit\u00e4t der Bewohner ein wichtiges Gut. W\u00e4hrend im G\u00f6ttinger Stadtgebiet die Herstellung der Barrierefreiheit gute Fortschritte macht, [&hellip;]<\/p>\n","protected":false},"author":2,"featured_media":0,"parent":0,"menu_order":0,"comment_status":"closed","ping_status":"closed","template":"","meta":{"footnotes":""},"class_list":["post-272","page","type-page","status-publish","hentry"],"_links":{"self":[{"href":"https:\/\/www.inklusives-goettingen.de\/index.php\/wp-json\/wp\/v2\/pages\/272","targetHints":{"allow":["GET"]}}],"collection":[{"href":"https:\/\/www.inklusives-goettingen.de\/index.php\/wp-json\/wp\/v2\/pages"}],"about":[{"href":"https:\/\/www.inklusives-goettingen.de\/index.php\/wp-json\/wp\/v2\/types\/page"}],"author":[{"embeddable":true,"href":"https:\/\/www.inklusives-goettingen.de\/index.php\/wp-json\/wp\/v2\/users\/2"}],"replies":[{"embeddable":true,"href":"https:\/\/www.inklusives-goettingen.de\/index.php\/wp-json\/wp\/v2\/comments?post=272"}],"version-history":[{"count":4,"href":"https:\/\/www.inklusives-goettingen.de\/index.php\/wp-json\/wp\/v2\/pages\/272\/revisions"}],"predecessor-version":[{"id":424,"href":"https:\/\/www.inklusives-goettingen.de\/index.php\/wp-json\/wp\/v2\/pages\/272\/revisions\/424"}],"wp:attachment":[{"href":"https:\/\/www.inklusives-goettingen.de\/index.php\/wp-json\/wp\/v2\/media?parent=272"}],"curies":[{"name":"wp","href":"https:\/\/api.w.org\/{rel}","templated":true}]}}