{"id":529,"date":"2019-02-28T11:05:15","date_gmt":"2019-02-28T10:05:15","guid":{"rendered":"https:\/\/www.inklusives-goettingen.de\/?page_id=529"},"modified":"2020-07-14T10:44:35","modified_gmt":"2020-07-14T08:44:35","slug":"aktionstag-2","status":"publish","type":"page","link":"https:\/\/www.inklusives-goettingen.de\/index.php\/aktionstag-2\/","title":{"rendered":"R\u00fcckblick Aktionstag am 5.Mai 2020"},"content":{"rendered":"\n<h2 class=\"wp-block-heading\"><button id=\"listenButton1\" class=\"responsivevoice-button\" type=\"button\" value=\"Play\" title=\"ResponsiveVoice Tap to Start\/Stop Speech\"><span>&#128266; Text vorlesen<\/span><\/button>\n        <script>\n            listenButton1.onclick = function(){\n                if(responsiveVoice.isPlaying()){\n                    responsiveVoice.cancel();\n                }else{\n                    responsiveVoice.speak(\"Der Aktionstag 2020 in G\u00f6ttingen Auch dieses Jahr hat unser B\u00fcndnis \\\"Inklusives G\u00f6ttingen\\\" wieder am 5. Mai ein Zeichen f\u00fcr die Gleichstellung von Menschen mit Behinderung gesetzt. Wenn auch durch die Corona-Krise in kleinerem Rahmen. Zum 25. Mal wurde in G\u00f6ttingen der Aktionstag f\u00fcr die Rechte von Menschen mit Behinderungen begangen. Das Jubil\u00e4um stand jedoch ganz im Zeichen der aktuellen Corona-Krise.Zun\u00e4chst hatte das B\u00fcndnis \u201eInklusives G\u00f6ttingen\u201c, welches aus Vertretungen der Menschen mit Behinderung in Stadt und Landkreis sowie aus 14 Organisationen der Behinderten (selbst-)hilfe besteht, erwogen, die Veranstaltung, die in den vergangenen Jahren oft bis zu 300 Menschen im Rahmen einer Demonstration auf die Stra\u00dfe brachte, komplett abzusagen. Recht kurzfristig wurde dann aber entschieden eine Mahnwache durchzuf\u00fchren.Auf dem G\u00f6ttinger Markt wurde das Banner \u201eCorona behindert Alle\u201c aufgestellt. \u201eDie aktuellen Beschr\u00e4nkungen lassen derzeit auch Menschen ohne Behinderung erfahren, wie sich eingeschr\u00e4nkte Teilhabe anf\u00fchlt. Daher ist derzeit gerade der richtige Moment, um f\u00fcr das Thema Inklusion zu sensibilisieren\u201c, so Erik Kleinfeldt vom Verein Selbsthilfe K\u00f6rperbehinderter G\u00f6ttingen, einer der Organisatoren. Karin Mann vom St\u00e4dtischen Beirat f\u00fcr Menschen mit Behinderung verwies im Gespr\u00e4ch mit der Presse auf die besonderen Einschr\u00e4nkungen, die aktuell gerade Menschen mit Behinderungen zu tragen haben: Medizinische Rehabilitationen oder pers\u00f6nliche Assistenzen werden aktuell aus gesundheitlichen Erw\u00e4gungen oft nicht durchgef\u00fchrt, die soziale Isolation setzt gerade Menschen mit psychischen Vorerkrankungen zu. Bewohner von Wohnheimen f\u00fcr Menschen mit Behinderung m\u00fcssen oft im Haus oder gar im Zimmer bleiben \u2013 und das \u00fcber Wochen. Geschlossene Werkst\u00e4tten verhindern zudem die Teilhabe am Arbeitsleben. Der kleine Aktionstag am 5. Mai ist der Auftakt einer Reihe kleinerer Projekte, die das B\u00fcndnis w\u00e4hrend der kommenden Wochen plant. Das wichtigste ist der Aufbau eines Informationsportals zu regionalen Hilfsangeboten in Zeiten von Corona. Hierf\u00fcr w\u00fcrde gerade die Webseite des B\u00fcndnisses angepasst. Ab dem 11.05. werden voraussichtlich Hilfsangebote von der Einkaufshilfe bis zu Notfallnummern f\u00fcr psychische Krisen, aber auch N\u00e4hanleitungen und Pflegetipps f\u00fcr Mund-NasenMasken auf der Website www.inklusives-goettingen.de zu finden sein, so die Organisatoren. Ein Video unserer Aktion sehen Sie hier: https:\/\/www.youtube.com\/watch?v=ibaOhBP8M2w Offener Brief zum Aktionstag in Northeim Die Organisatoren des Northeimer Aktionstags haben einen offenen Brief an den Nieders\u00e4chsischen Kultusminister Grant Hendrik Tonne verfasst. Sie beklagen, dass Eltern schulpflichtiger Kinder mit Behinderung in der Corona-Krise faktisch alleingelassen werden. Lesen Sie den Brief hier!\", \"Deutsch Female\");\n                }\n            };\n        <\/script>\n    <\/h2>\n\n\n\n<h2 class=\"wp-block-heading\">Der Aktionstag 2020 in G\u00f6ttingen<\/h2>\n\n\n\n<p>Auch dieses Jahr hat unser B\u00fcndnis &#8222;Inklusives G\u00f6ttingen&#8220; wieder am 5. Mai ein Zeichen f\u00fcr die Gleichstellung von Menschen mit Behinderung gesetzt. Wenn auch durch die Corona-Krise in kleinerem Rahmen.<\/p>\n\n\n\n<p>Zum 25. Mal wurde in G\u00f6ttingen der Aktionstag f\u00fcr die Rechte von Menschen mit Behinderungen begangen. Das Jubil\u00e4um stand jedoch ganz im Zeichen der aktuellen Corona-Krise.<br>Zun\u00e4chst hatte das B\u00fcndnis \u201eInklusives G\u00f6ttingen\u201c, welches aus Vertretungen der Menschen mit Behinderung in Stadt und Landkreis sowie aus 14 Organisationen der Behinderten (selbst-)hilfe besteht, erwogen, die Veranstaltung, die in den vergangenen Jahren oft bis zu 300 Menschen im Rahmen einer Demonstration auf die Stra\u00dfe brachte, komplett abzusagen. <\/p>\n\n\n\n<p>Recht kurzfristig wurde dann aber entschieden eine Mahnwache durchzuf\u00fchren.<br>Auf dem G\u00f6ttinger Markt wurde das Banner \u201eCorona behindert Alle\u201c aufgestellt. \u201eDie aktuellen Beschr\u00e4nkungen lassen derzeit auch Menschen ohne Behinderung erfahren, wie sich eingeschr\u00e4nkte Teilhabe anf\u00fchlt. Daher ist derzeit gerade der richtige Moment, um f\u00fcr das Thema Inklusion zu sensibilisieren\u201c, so Erik Kleinfeldt vom Verein Selbsthilfe  K\u00f6rperbehinderter G\u00f6ttingen, einer der Organisatoren.<br><\/p>\n\n\n\n<p>Karin Mann vom St\u00e4dtischen Beirat f\u00fcr Menschen mit Behinderung verwies im Gespr\u00e4ch mit der Presse auf die besonderen Einschr\u00e4nkungen, die aktuell gerade Menschen mit Behinderungen zu tragen haben: Medizinische Rehabilitationen oder pers\u00f6nliche Assistenzen werden aktuell aus gesundheitlichen Erw\u00e4gungen oft nicht durchgef\u00fchrt, die soziale Isolation setzt gerade Menschen mit psychischen Vorerkrankungen zu. Bewohner von Wohnheimen f\u00fcr Menschen mit Behinderung m\u00fcssen oft im Haus oder gar im Zimmer bleiben \u2013 und das \u00fcber Wochen. Geschlossene Werkst\u00e4tten verhindern zudem die Teilhabe am Arbeitsleben.<br><\/p>\n\n\n\n<p>Der kleine Aktionstag am 5. Mai ist der Auftakt einer Reihe kleinerer Projekte, die das B\u00fcndnis w\u00e4hrend der kommenden Wochen plant. Das wichtigste ist der Aufbau eines Informationsportals zu regionalen Hilfsangeboten in Zeiten von Corona. Hierf\u00fcr w\u00fcrde gerade die Webseite des B\u00fcndnisses angepasst. Ab dem 11.05. werden voraussichtlich Hilfsangebote von der Einkaufshilfe bis zu Notfallnummern f\u00fcr psychische Krisen, aber auch N\u00e4hanleitungen und Pflegetipps f\u00fcr Mund-NasenMasken auf der Website www.inklusives-goettingen.de zu finden sein, so die Organisatoren.<\/p>\n\n\n\n<p>Ein Video unserer Aktion sehen Sie hier: <a href=\"https:\/\/www.youtube.com\/watch?v=ibaOhBP8M2w\">https:\/\/www.youtube.com\/watch?v=ibaOhBP8M2w<\/a><\/p>\n\n\n\n<p><\/p>\n\n\n\n<p><\/p>\n\n\n\n<hr class=\"wp-block-separator is-style-wide\"\/>\n\n\n\n<h2 class=\"wp-block-heading\">Offener Brief zum Aktionstag in Northeim<\/h2>\n\n\n\n<p>Die Organisatoren des Northeimer Aktionstags haben einen offenen Brief an den Nieders\u00e4chsischen Kultusminister Grant Hendrik Tonne verfasst. Sie beklagen, dass Eltern schulpflichtiger Kinder mit Behinderung in der Corona-Krise faktisch alleingelassen werden. <img decoding=\"async\" class=\"wp-image-1046\" style=\"width: NaNpx;\" src=\"https:\/\/www.inklusives-goettingen.de\/wp-content\/uploads\/2020\/05\/Offener-Brief-an-Kultusminister-Grant-Hendrik-Tonne-Keine-gleichberechtigte-Teilhabe-f\u00fcr-Sch\u00fcler-mit-Behinderung-200505-4.pdf\" alt=\"\"><a href=\"https:\/\/www.inklusives-goettingen.de\/wp-content\/uploads\/2020\/05\/Offener-Brief-an-Kultusminister-Grant-Hendrik-Tonne-Keine-gleichberechtigte-Teilhabe-f\u00fcr-Sch\u00fcler-mit-Behinderung-200505-4-1.pdf\">Lesen Sie den Brief hier<\/a>!<\/p>\n\n\n\n<p> <\/p>\n\n\n\n<p><\/p>\n","protected":false},"excerpt":{"rendered":"<p>Der Aktionstag 2020 in G\u00f6ttingen Auch dieses Jahr hat unser B\u00fcndnis &#8222;Inklusives G\u00f6ttingen&#8220; wieder am 5. Mai ein Zeichen f\u00fcr die Gleichstellung von Menschen mit Behinderung gesetzt. Wenn auch durch die Corona-Krise in kleinerem Rahmen. Zum 25. Mal wurde in G\u00f6ttingen der Aktionstag f\u00fcr die Rechte von Menschen mit Behinderungen begangen. Das Jubil\u00e4um stand jedoch [&hellip;]<\/p>\n","protected":false},"author":2,"featured_media":0,"parent":0,"menu_order":0,"comment_status":"closed","ping_status":"closed","template":"","meta":{"footnotes":""},"class_list":["post-529","page","type-page","status-publish","hentry"],"_links":{"self":[{"href":"https:\/\/www.inklusives-goettingen.de\/index.php\/wp-json\/wp\/v2\/pages\/529","targetHints":{"allow":["GET"]}}],"collection":[{"href":"https:\/\/www.inklusives-goettingen.de\/index.php\/wp-json\/wp\/v2\/pages"}],"about":[{"href":"https:\/\/www.inklusives-goettingen.de\/index.php\/wp-json\/wp\/v2\/types\/page"}],"author":[{"embeddable":true,"href":"https:\/\/www.inklusives-goettingen.de\/index.php\/wp-json\/wp\/v2\/users\/2"}],"replies":[{"embeddable":true,"href":"https:\/\/www.inklusives-goettingen.de\/index.php\/wp-json\/wp\/v2\/comments?post=529"}],"version-history":[{"count":18,"href":"https:\/\/www.inklusives-goettingen.de\/index.php\/wp-json\/wp\/v2\/pages\/529\/revisions"}],"predecessor-version":[{"id":1123,"href":"https:\/\/www.inklusives-goettingen.de\/index.php\/wp-json\/wp\/v2\/pages\/529\/revisions\/1123"}],"wp:attachment":[{"href":"https:\/\/www.inklusives-goettingen.de\/index.php\/wp-json\/wp\/v2\/media?parent=529"}],"curies":[{"name":"wp","href":"https:\/\/api.w.org\/{rel}","templated":true}]}}