{"id":831,"date":"2020-05-12T16:26:52","date_gmt":"2020-05-12T14:26:52","guid":{"rendered":"https:\/\/www.inklusives-goettingen.de\/?page_id=831"},"modified":"2020-07-13T09:45:21","modified_gmt":"2020-07-13T07:45:21","slug":"alltags-und-einkaufshilfen","status":"publish","type":"page","link":"https:\/\/www.inklusives-goettingen.de\/index.php\/alltags-und-einkaufshilfen\/","title":{"rendered":"Alltags- und Einkaufshilfen"},"content":{"rendered":"\n<h2 class=\"wp-block-heading\"><button id=\"listenButton1\" class=\"responsivevoice-button\" type=\"button\" value=\"Play\" title=\"ResponsiveVoice Tap to Start\/Stop Speech\"><span>&#128266; Text vorlesen<\/span><\/button>\n        <script>\n            listenButton1.onclick = function(){\n                if(responsiveVoice.isPlaying()){\n                    responsiveVoice.cancel();\n                }else{\n                    responsiveVoice.speak(\"Sie haben eine Behinderung, sind mobilit\u00e4tseingeschr\u00e4nkt oder geh\u00f6ren zur Corona-Risikogruppe? Hier gibt es verschiedene Angebote, um Ihnen im Alltag beizustehen. Bei Interesse klicken Sie einfach das entsprechende Angebot f\u00fcr mehr Information: Hilfen im Raum G\u00f6ttingen (G\u00f6ttingen, Rosdorf, Bovenden) Hilfsangebote in der Gemeinde Bad Grund Hilfsangebote in der Region Osterode am Harz Hilfsangebote in der Region Herzberg am Harz Hilfsangebote in der Region Bad Lauterberg\/ Bad Sachsa\/ Walkenried Bundesweite Hilfsportale, um Helfer und Menschen mit Hilfebedarf zusammenzubringen\", \"Deutsch Female\");\n                }\n            };\n        <\/script>\n    <\/h2>\n\n\n\n<p>Sie haben eine Behinderung, sind mobilit\u00e4tseingeschr\u00e4nkt oder geh\u00f6ren zur Corona-Risikogruppe? Hier gibt es verschiedene Angebote, um Ihnen im Alltag beizustehen. Bei Interesse klicken Sie einfach das entsprechende Angebot f\u00fcr mehr Information:<\/p>\n\n\n\n<hr class=\"wp-block-separator is-style-wide\"\/>\n\n\n\n<p class=\"has-text-align-center\"><a href=\"https:\/\/www.inklusives-goettingen.de\/index.php\/einkaufgoe\/\"><img loading=\"lazy\" decoding=\"async\" width=\"150\" height=\"62\" class=\"wp-image-938\" style=\"width: 150px;\" src=\"https:\/\/www.inklusives-goettingen.de\/wp-content\/uploads\/2020\/05\/knopfG\u00d6.png\" alt=\"\" srcset=\"https:\/\/www.inklusives-goettingen.de\/wp-content\/uploads\/2020\/05\/knopfG\u00d6.png 419w, https:\/\/www.inklusives-goettingen.de\/wp-content\/uploads\/2020\/05\/knopfG\u00d6-300x125.png 300w\" sizes=\"auto, (max-width: 150px) 100vw, 150px\" \/><br>Hilfen im Raum G\u00f6ttingen (G\u00f6ttingen, Rosdorf, Bovenden)<\/a><\/p>\n\n\n\n<hr class=\"wp-block-separator is-style-wide\"\/>\n\n\n\n<p class=\"has-text-align-center\"><a href=\"https:\/\/www.inklusives-goettingen.de\/index.php\/hilfen-in-bad-grund\/\"><img loading=\"lazy\" decoding=\"async\" width=\"150\" height=\"62\" class=\"wp-image-945\" style=\"width: 150px;\" src=\"https:\/\/www.inklusives-goettingen.de\/wp-content\/uploads\/2020\/05\/knopfBad-Grund.png\" alt=\"\" srcset=\"https:\/\/www.inklusives-goettingen.de\/wp-content\/uploads\/2020\/05\/knopfBad-Grund.png 419w, https:\/\/www.inklusives-goettingen.de\/wp-content\/uploads\/2020\/05\/knopfBad-Grund-300x125.png 300w\" sizes=\"auto, (max-width: 150px) 100vw, 150px\" \/><\/a><br><a href=\"https:\/\/www.inklusives-goettingen.de\/index.php\/hilfen-in-bad-grund\/\">Hilfsangebote in der Gemeinde Bad Grund <\/a><\/p>\n\n\n\n<hr class=\"wp-block-separator is-style-wide\"\/>\n\n\n\n<p class=\"has-text-align-center\"><a href=\"https:\/\/www.inklusives-goettingen.de\/index.php\/hilfen-in-osterode\/\"><img loading=\"lazy\" decoding=\"async\" width=\"150\" height=\"62\" class=\"wp-image-946\" style=\"width: 150px;\" src=\"https:\/\/www.inklusives-goettingen.de\/wp-content\/uploads\/2020\/05\/knopfOHA.png\" alt=\"\" srcset=\"https:\/\/www.inklusives-goettingen.de\/wp-content\/uploads\/2020\/05\/knopfOHA.png 419w, https:\/\/www.inklusives-goettingen.de\/wp-content\/uploads\/2020\/05\/knopfOHA-300x125.png 300w\" sizes=\"auto, (max-width: 150px) 100vw, 150px\" \/><\/a><br><a href=\"https:\/\/www.inklusives-goettingen.de\/index.php\/hilfen-in-osterode\/\">Hilfsangebote in der Region Osterode am Harz <\/a><\/p>\n\n\n\n<hr class=\"wp-block-separator is-style-wide\"\/>\n\n\n\n<p class=\"has-text-align-center\"><a href=\"https:\/\/www.inklusives-goettingen.de\/index.php\/hilfen-in-herzberg-am-harz\/\"><img loading=\"lazy\" decoding=\"async\" width=\"150\" height=\"62\" class=\"wp-image-947\" style=\"width: 150px;\" src=\"https:\/\/www.inklusives-goettingen.de\/wp-content\/uploads\/2020\/05\/knopfHerzberg.png\" alt=\"\" srcset=\"https:\/\/www.inklusives-goettingen.de\/wp-content\/uploads\/2020\/05\/knopfHerzberg.png 419w, https:\/\/www.inklusives-goettingen.de\/wp-content\/uploads\/2020\/05\/knopfHerzberg-300x125.png 300w\" sizes=\"auto, (max-width: 150px) 100vw, 150px\" \/><\/a><br><a href=\"https:\/\/www.inklusives-goettingen.de\/index.php\/hilfen-in-herzberg-am-harz\/\">Hilfsangebote in der Region Herzberg am Harz <\/a><\/p>\n\n\n\n<hr class=\"wp-block-separator is-style-wide\"\/>\n\n\n\n<p class=\"has-text-align-center\"><a href=\"https:\/\/www.inklusives-goettingen.de\/index.php\/hilfen-in-der-region-bad-lauterberg\/\"><img loading=\"lazy\" decoding=\"async\" width=\"150\" height=\"62\" class=\"wp-image-948\" style=\"width: 150px;\" src=\"https:\/\/www.inklusives-goettingen.de\/wp-content\/uploads\/2020\/05\/knopfwalkenried.png\" alt=\"\" srcset=\"https:\/\/www.inklusives-goettingen.de\/wp-content\/uploads\/2020\/05\/knopfwalkenried.png 419w, https:\/\/www.inklusives-goettingen.de\/wp-content\/uploads\/2020\/05\/knopfwalkenried-300x125.png 300w\" sizes=\"auto, (max-width: 150px) 100vw, 150px\" \/><\/a><br><a href=\"https:\/\/www.inklusives-goettingen.de\/index.php\/hilfen-in-der-region-bad-lauterberg\/\">Hilfsangebote in der Region Bad Lauterberg\/ Bad Sachsa\/ Walkenried <\/a><\/p>\n\n\n\n<hr class=\"wp-block-separator is-style-wide\"\/>\n\n\n\n<p class=\"has-text-align-center\"><a href=\"https:\/\/www.inklusives-goettingen.de\/index.php\/hilfsportale\/\"><img loading=\"lazy\" decoding=\"async\" width=\"150\" height=\"62\" class=\"wp-image-965\" style=\"width: 150px;\" src=\"https:\/\/www.inklusives-goettingen.de\/wp-content\/uploads\/2020\/05\/portale.png\" alt=\"\" srcset=\"https:\/\/www.inklusives-goettingen.de\/wp-content\/uploads\/2020\/05\/portale.png 419w, https:\/\/www.inklusives-goettingen.de\/wp-content\/uploads\/2020\/05\/portale-300x125.png 300w\" sizes=\"auto, (max-width: 150px) 100vw, 150px\" \/><br>Bundesweite Hilfsportale, um Helfer und Menschen mit Hilfebedarf zusammenzubringen<\/a><\/p>\n\n\n\n<hr class=\"wp-block-separator\"\/>\n\n\n\n<p><\/p>\n\n\n\n<p><\/p>\n","protected":false},"excerpt":{"rendered":"<p>Sie haben eine Behinderung, sind mobilit\u00e4tseingeschr\u00e4nkt oder geh\u00f6ren zur Corona-Risikogruppe? Hier gibt es verschiedene Angebote, um Ihnen im Alltag beizustehen. Bei Interesse klicken Sie einfach das entsprechende Angebot f\u00fcr mehr Information: Hilfen im Raum G\u00f6ttingen (G\u00f6ttingen, Rosdorf, Bovenden) Hilfsangebote in der Gemeinde Bad Grund Hilfsangebote in der Region Osterode am Harz Hilfsangebote in der Region [&hellip;]<\/p>\n","protected":false},"author":2,"featured_media":0,"parent":0,"menu_order":0,"comment_status":"closed","ping_status":"closed","template":"","meta":{"footnotes":""},"class_list":["post-831","page","type-page","status-publish","hentry"],"_links":{"self":[{"href":"https:\/\/www.inklusives-goettingen.de\/index.php\/wp-json\/wp\/v2\/pages\/831","targetHints":{"allow":["GET"]}}],"collection":[{"href":"https:\/\/www.inklusives-goettingen.de\/index.php\/wp-json\/wp\/v2\/pages"}],"about":[{"href":"https:\/\/www.inklusives-goettingen.de\/index.php\/wp-json\/wp\/v2\/types\/page"}],"author":[{"embeddable":true,"href":"https:\/\/www.inklusives-goettingen.de\/index.php\/wp-json\/wp\/v2\/users\/2"}],"replies":[{"embeddable":true,"href":"https:\/\/www.inklusives-goettingen.de\/index.php\/wp-json\/wp\/v2\/comments?post=831"}],"version-history":[{"count":25,"href":"https:\/\/www.inklusives-goettingen.de\/index.php\/wp-json\/wp\/v2\/pages\/831\/revisions"}],"predecessor-version":[{"id":1120,"href":"https:\/\/www.inklusives-goettingen.de\/index.php\/wp-json\/wp\/v2\/pages\/831\/revisions\/1120"}],"wp:attachment":[{"href":"https:\/\/www.inklusives-goettingen.de\/index.php\/wp-json\/wp\/v2\/media?parent=831"}],"curies":[{"name":"wp","href":"https:\/\/api.w.org\/{rel}","templated":true}]}}