{"id":859,"date":"2020-05-12T22:09:30","date_gmt":"2020-05-12T20:09:30","guid":{"rendered":"https:\/\/www.inklusives-goettingen.de\/?page_id=859"},"modified":"2020-11-04T13:44:07","modified_gmt":"2020-11-04T12:44:07","slug":"hilfen-in-osterode","status":"publish","type":"page","link":"https:\/\/www.inklusives-goettingen.de\/index.php\/hilfen-in-osterode\/","title":{"rendered":"Hilfen in Osterode"},"content":{"rendered":"\n<h2 class=\"wp-block-heading\"><button id=\"listenButton1\" class=\"responsivevoice-button\" type=\"button\" value=\"Play\" title=\"ResponsiveVoice Tap to Start\/Stop Speech\"><span>&#128266; Text vorlesen<\/span><\/button>\n        <script>\n            listenButton1.onclick = function(){\n                if(responsiveVoice.isPlaying()){\n                    responsiveVoice.cancel();\n                }else{\n                    responsiveVoice.speak(\"Alltags- und Einkaufshilfen in Osterode \u2013 \u00dcberblick auf www.osterode.de\/coronahilfe B\u00fcrgerb\u00fcro OHA: Koordination von Hilfen & Anlauf-punkt f\u00fcr Menschen mit Hilfebedarf, Tel: 05522 \u2013 318-262 und 318-263, buergerbuero@osterode.deHilfe-Hotline Lerbach: Stefan Bormann: 05522 -502160 (auch AB) oder mobil 0179\/3250112Hilfe-Hotline f\u00fcr Lasfelde\/Petersh\u00fctte\/Katzenstein: 0160 \u2013 5703636 t\u00e4glich\u00a0 09.00 Uhr bis 19.00 Uhr. Auf www.osterode.de\/coronahilfe findet sich eine Helferliste, Helfer k\u00f6nnen sich melden unter https:\/\/www.osterode.de\/buergerservice\/verwaltung\/os_hilfe_anbieten.html\", \"Deutsch Female\");\n                }\n            };\n        <\/script>\n    <\/h2>\n\n\n\n<h2 class=\"wp-block-heading\">Alltags- und Einkaufshilfen in <strong>Osterode<\/strong> \u2013 \u00dcberblick auf <a href=\"http:\/\/www.osterode.de\/coronahilfe\">www.osterode.de\/coronahilfe<\/a><\/h2>\n\n\n\n<ul class=\"wp-block-list\"><li>B\u00fcrgerb\u00fcro OHA: Koordination von Hilfen &amp; Anlauf-punkt f\u00fcr Menschen mit Hilfebedarf, Tel: 05522 \u2013 318-262 und 318-263, <a href=\"mailto:buergerbuero@osterode.de\">buergerbuero@osterode.de<\/a><\/li><li>Hilfe-Hotline Lerbach: Stefan Bormann: 05522 -502160 (auch AB) oder mobil 0179\/3250112<\/li><li>Hilfe-Hotline f\u00fcr <strong><u>Lasfelde\/Petersh\u00fctte\/Katzenstein<\/u><\/strong>: 0160 \u2013 5703636 t\u00e4glich\u00a0 09.00 Uhr bis 19.00 Uhr.<\/li><\/ul>\n\n\n\n<p>Auf <a href=\"http:\/\/www.osterode.de\/coronahilfe\">www.osterode.de\/coronahilfe<\/a> findet sich eine Helferliste, Helfer k\u00f6nnen sich melden unter <a href=\"https:\/\/www.osterode.de\/buergerservice\/verwaltung\/os_hilfe_anbieten.html\">https:\/\/www.osterode.de\/buergerservice\/verwaltung\/os_hilfe_anbieten.html<\/a><\/p>\n","protected":false},"excerpt":{"rendered":"<p>Alltags- und Einkaufshilfen in Osterode \u2013 \u00dcberblick auf www.osterode.de\/coronahilfe B\u00fcrgerb\u00fcro OHA: Koordination von Hilfen &amp; Anlauf-punkt f\u00fcr Menschen mit Hilfebedarf, Tel: 05522 \u2013 318-262 und 318-263, buergerbuero@osterode.de Hilfe-Hotline Lerbach: Stefan Bormann: 05522 -502160 (auch AB) oder mobil 0179\/3250112 Hilfe-Hotline f\u00fcr Lasfelde\/Petersh\u00fctte\/Katzenstein: 0160 \u2013 5703636 t\u00e4glich\u00a0 09.00 Uhr bis 19.00 Uhr. Auf www.osterode.de\/coronahilfe findet sich eine [&hellip;]<\/p>\n","protected":false},"author":2,"featured_media":0,"parent":0,"menu_order":0,"comment_status":"closed","ping_status":"closed","template":"","meta":{"footnotes":""},"class_list":["post-859","page","type-page","status-publish","hentry"],"_links":{"self":[{"href":"https:\/\/www.inklusives-goettingen.de\/index.php\/wp-json\/wp\/v2\/pages\/859","targetHints":{"allow":["GET"]}}],"collection":[{"href":"https:\/\/www.inklusives-goettingen.de\/index.php\/wp-json\/wp\/v2\/pages"}],"about":[{"href":"https:\/\/www.inklusives-goettingen.de\/index.php\/wp-json\/wp\/v2\/types\/page"}],"author":[{"embeddable":true,"href":"https:\/\/www.inklusives-goettingen.de\/index.php\/wp-json\/wp\/v2\/users\/2"}],"replies":[{"embeddable":true,"href":"https:\/\/www.inklusives-goettingen.de\/index.php\/wp-json\/wp\/v2\/comments?post=859"}],"version-history":[{"count":4,"href":"https:\/\/www.inklusives-goettingen.de\/index.php\/wp-json\/wp\/v2\/pages\/859\/revisions"}],"predecessor-version":[{"id":1150,"href":"https:\/\/www.inklusives-goettingen.de\/index.php\/wp-json\/wp\/v2\/pages\/859\/revisions\/1150"}],"wp:attachment":[{"href":"https:\/\/www.inklusives-goettingen.de\/index.php\/wp-json\/wp\/v2\/media?parent=859"}],"curies":[{"name":"wp","href":"https:\/\/api.w.org\/{rel}","templated":true}]}}