{"id":863,"date":"2020-05-12T22:15:41","date_gmt":"2020-05-12T20:15:41","guid":{"rendered":"https:\/\/www.inklusives-goettingen.de\/?page_id=863"},"modified":"2020-05-15T10:21:47","modified_gmt":"2020-05-15T08:21:47","slug":"hilfen-in-bad-grund","status":"publish","type":"page","link":"https:\/\/www.inklusives-goettingen.de\/index.php\/hilfen-in-bad-grund\/","title":{"rendered":"Hilfen in Bad Grund"},"content":{"rendered":"\n<h2 class=\"wp-block-heading\"><button id=\"listenButton1\" class=\"responsivevoice-button\" type=\"button\" value=\"Play\" title=\"ResponsiveVoice Tap to Start\/Stop Speech\"><span>&#128266; Text vorlesen<\/span><\/button>\n        <script>\n            listenButton1.onclick = function(){\n                if(responsiveVoice.isPlaying()){\n                    responsiveVoice.cancel();\n                }else{\n                    responsiveVoice.speak(\"Helfernetzwerk der Gemeinde Bad Grund \u2013nach Orten: Eisdorf\/Willensen: Dieter Sinram\u00a0 (0160-6120253), Dietmar Lange (05522-81750): Eink\u00e4ufe und andere Dienste.Bad Grund: Andrea & Christian Karbach, (05327-1627): Eink\u00e4ufe, Arztfahrten, Gassi gehen mit Hund, selbstgen\u00e4hte Masken.Alle Orten der Gemeinde Bad Grund:\u00a0 Carsten Eicke (0151-12978374) verkauft in seinem B\u00e4ckerwagen neben Backwaren auch Eier, Milch, Marmelade usw.Weitere Anlaufstelle: DRK-Familienzentrum Frau Rosseck 0151 57625412\", \"Deutsch Female\");\n                }\n            };\n        <\/script>\n    <\/h2>\n\n\n\n<h2 class=\"wp-block-heading\"><br>Helfernetzwerk der Gemeinde <strong>Bad Grund<\/strong> \u2013nach Orten:<\/h2>\n\n\n\n<ul class=\"wp-block-list\"><li>Eisdorf\/Willensen: Dieter Sinram\u00a0 (0160-6120253), Dietmar Lange (05522-81750): <strong><em>Eink\u00e4ufe und andere Dienste<\/em><\/strong>.<\/li><li>Bad Grund: Andrea &amp; Christian Karbach, (05327-1627): Eink\u00e4ufe, <strong>Arztfahrten, <\/strong>Gassi gehen mit Hund, <strong>selbstgen\u00e4hte Masken<\/strong>.<\/li><li><strong>Alle Orten der Gemeinde Bad Grund:\u00a0 Carsten Eicke (0151-12978374) verkauft in seinem B\u00e4ckerwagen neben Backwaren auch Eier, Milch, Marmelade usw.<\/strong><\/li><li><strong>Weitere Anlaufstelle: DRK-Familienzentrum Frau Rosseck 0151 57625412<\/strong><\/li><\/ul>\n\n\n\n<p><\/p>\n","protected":false},"excerpt":{"rendered":"<p>Helfernetzwerk der Gemeinde Bad Grund \u2013nach Orten: Eisdorf\/Willensen: Dieter Sinram\u00a0 (0160-6120253), Dietmar Lange (05522-81750): Eink\u00e4ufe und andere Dienste. Bad Grund: Andrea &amp; Christian Karbach, (05327-1627): Eink\u00e4ufe, Arztfahrten, Gassi gehen mit Hund, selbstgen\u00e4hte Masken. Alle Orten der Gemeinde Bad Grund:\u00a0 Carsten Eicke (0151-12978374) verkauft in seinem B\u00e4ckerwagen neben Backwaren auch Eier, Milch, Marmelade usw. Weitere Anlaufstelle: [&hellip;]<\/p>\n","protected":false},"author":2,"featured_media":0,"parent":0,"menu_order":0,"comment_status":"closed","ping_status":"closed","template":"","meta":{"footnotes":""},"class_list":["post-863","page","type-page","status-publish","hentry"],"_links":{"self":[{"href":"https:\/\/www.inklusives-goettingen.de\/index.php\/wp-json\/wp\/v2\/pages\/863","targetHints":{"allow":["GET"]}}],"collection":[{"href":"https:\/\/www.inklusives-goettingen.de\/index.php\/wp-json\/wp\/v2\/pages"}],"about":[{"href":"https:\/\/www.inklusives-goettingen.de\/index.php\/wp-json\/wp\/v2\/types\/page"}],"author":[{"embeddable":true,"href":"https:\/\/www.inklusives-goettingen.de\/index.php\/wp-json\/wp\/v2\/users\/2"}],"replies":[{"embeddable":true,"href":"https:\/\/www.inklusives-goettingen.de\/index.php\/wp-json\/wp\/v2\/comments?post=863"}],"version-history":[{"count":4,"href":"https:\/\/www.inklusives-goettingen.de\/index.php\/wp-json\/wp\/v2\/pages\/863\/revisions"}],"predecessor-version":[{"id":952,"href":"https:\/\/www.inklusives-goettingen.de\/index.php\/wp-json\/wp\/v2\/pages\/863\/revisions\/952"}],"wp:attachment":[{"href":"https:\/\/www.inklusives-goettingen.de\/index.php\/wp-json\/wp\/v2\/media?parent=863"}],"curies":[{"name":"wp","href":"https:\/\/api.w.org\/{rel}","templated":true}]}}